{"id":578,"date":"2024-09-11T10:40:59","date_gmt":"2024-09-11T09:40:59","guid":{"rendered":"https:\/\/chillma-tobacco.de\/la-empresa\/"},"modified":"2025-01-27T17:12:01","modified_gmt":"2025-01-27T16:12:01","slug":"la-empresa","status":"publish","type":"page","link":"https:\/\/chillma-tobacco.de\/es\/la-empresa\/","title":{"rendered":"La empresa"},"content":{"rendered":"<h1>La empresa<\/h1>\n<hr>\n<div>\n<p>Combinamos calidad, tradici\u00f3n y pasi\u00f3n.<\/p>\n<\/div>\n<h2>Qui\u00e9nes somos<\/h2>\n<div>\n<p data-pm-slice=\"1 1 []\">Chillma Tobacco es un fabricante l\u00edder de tabaco para shisha con sede en R\u00f6dermark, Alemania. Nuestra pasi\u00f3n por el tabaco de alta calidad y una experiencia de fumado sin igual es la base de todo lo que hacemos. Nos basamos en la artesan\u00eda tradicional combinada con las tecnolog\u00edas m\u00e1s avanzadas para ofrecer a nuestros clientes una gama de productos que impresiona por su sabor, calidad y autenticidad.<\/p>\n<\/div>\n<div>Calidad al gusto<\/div>\n<div>\n<p>En Chillma Tobacco, el disfrute y la calidad son nuestras principales prioridades. Nuestra base es la planta de tabaco Virginia alemana de primera calidad, conocida por su cuerpo y su car\u00e1cter azucarado: la base perfecta para un tabaco de shisha de primera clase.<\/p>\n<\/p>\n<p>Tambi\u00e9n establecemos est\u00e1ndares con nuestros sabores: junto con los mejores fabricantes alemanes, desarrollamos sabores \u00fanicos que reflejan nuestra filosof\u00eda. De este modo, combinamos la m\u00e1xima calidad con una aut\u00e9ntica experiencia de sabor, para todos aquellos que buscan algo especial.<\/p>\n<\/div>\n<ul>\n<li>\n<div>100%<\/div>\n<p>Made in Germany<\/p>\n<\/li>\n<li>\n<div>100%<\/div>\n<p>M\u00e1xima calidad<\/p>\n<\/li>\n<li>\n<div>+75<\/div>\n<p>Sabores<\/p>\n<\/li>\n<\/ul>\n<p><img decoding=\"async\" src=\"\/wp-content\/uploads\/2024\/12\/122.jpg\" alt=\"\"><\/p>\n<ul>\n<li>\n<p>        <img decoding=\"async\" src=\"\/wp-content\/uploads\/2024\/12\/45512.jpg\" alt=\"\"><\/p>\n<div>Tabaco<\/div>\n<p><a href=\"\/tabak\/\">Desc\u00fabrelo ahora<\/a><\/p>\n<\/li>\n<li>\n<p>        <img decoding=\"async\" src=\"\/wp-content\/uploads\/2024\/12\/498182.jpg\" alt=\"\"><\/p>\n<div>L\u00edquido<\/div>\n<p><a href=\"\/liquid\/\">Desc\u00fabrelo ahora<\/a><\/p>\n<\/li>\n<\/ul>\n<div>Indulgencia en la perfecci\u00f3n<\/div>\n<div>\n<p>Combinamos tradici\u00f3n y precisi\u00f3n en nuestra producci\u00f3n. Especialistas con muchos a\u00f1os de experiencia trabajan con sumo cuidado, siguen procesos precisos y utilizan m\u00e9todos de almacenamiento tradicionales para preservar el incomparable sabor del tabaco Chillma. El trabajo manual y la pasi\u00f3n hacen de nuestro producto un placer para el paladar.<\/p>\n<\/div>\n<p><!--more--><br \/>\n<!-- {\"type\":\"layout\",\"children\":[{\"type\":\"section\",\"props\":{\"height\":\"viewport\",\"height_viewport\":50,\"image\":\"wp-content\\\/uploads\\\/2024\\\/12\\\/3617114.jpg\",\"image_effect\":\"parallax\",\"image_loading\":true,\"image_parallax_bgy\":\"50,-50\",\"image_parallax_breakpoint\":\"m\",\"image_parallax_easing\":\"1\",\"image_position\":\"center-center\",\"image_size\":\"cover\",\"image_width\":\"2560\",\"media_overlay\":\"hsla(0, 0%, 0%, 0.5)\",\"style\":\"default\",\"text_color\":\"light\",\"title_breakpoint\":\"xl\",\"title_position\":\"top-left\",\"title_rotation\":\"left\",\"vertical_align\":\"middle\",\"width\":\"default\"},\"children\":[{\"type\":\"row\",\"children\":[{\"type\":\"column\",\"props\":{\"image_position\":\"center-center\",\"position_sticky_breakpoint\":\"m\",\"width_medium\":\"1-1\"},\"children\":[{\"type\":\"headline\",\"props\":{\"content\":\"La empresa\",\"text_align\":\"center\",\"title_element\":\"h1\",\"title_style\":\"heading-small\"}},{\"type\":\"divider\",\"props\":{\"divider_align\":\"center\",\"divider_element\":\"hr\",\"divider_style\":\"small\"}},{\"type\":\"text\",\"props\":{\"block_align\":\"center\",\"column_breakpoint\":\"m\",\"content\":\"\n\n<p>Combinamos calidad, tradici\\u00f3n y pasi\\u00f3n.<\\\/p>\",\"margin\":\"default\",\"maxwidth\":\"2xlarge\",\"text_align\":\"center\",\"text_style\":\"lead\"}}]}]}],\"name\":\"Image\"},{\"type\":\"section\",\"props\":{\"image_position\":\"center-center\",\"padding\":\"large\",\"style\":\"default\",\"title_breakpoint\":\"xl\",\"title_position\":\"top-left\",\"title_rotation\":\"left\",\"vertical_align\":\"middle\",\"width\":\"default\"},\"children\":[{\"type\":\"row\",\"children\":[{\"type\":\"column\",\"props\":{\"image_position\":\"center-center\",\"position_sticky_breakpoint\":\"m\"},\"children\":[{\"type\":\"headline\",\"props\":{\"content\":\"Qui\\u00e9nes somos\",\"title_decoration\":\"bullet\",\"title_element\":\"h2\"}},{\"type\":\"text\",\"props\":{\"column\":\"1-2\",\"column_breakpoint\":\"m\",\"content\":\"\n\n<p data-pm-slice=\\\"1 1 []\\\">Chillma Tobacco es un fabricante l\\u00edder de tabaco para shisha con sede en R\\u00f6dermark, Alemania. Nuestra pasi\\u00f3n por el tabaco de alta calidad y una experiencia de fumado sin igual es la base de todo lo que hacemos. Nos basamos en la artesan\\u00eda tradicional combinada con las tecnolog\\u00edas m\\u00e1s avanzadas para ofrecer a nuestros clientes una gama de productos que impresiona por su sabor, calidad y autenticidad.<\\\/p>\",\"margin\":\"default\",\"text_style\":\"lead\"}}]}]}]},{\"name\":\"History\",\"type\":\"section\",\"props\":{\"animation\":\"slide-left-medium\",\"animation_delay\":false,\"image_position\":\"center-center\",\"padding\":\"large\",\"padding_remove_bottom\":false,\"padding_remove_top\":false,\"style\":\"muted\",\"title_breakpoint\":\"xl\",\"title_position\":\"top-left\",\"title_rotation\":\"left\",\"vertical_align\":\"\",\"width\":\"default\"},\"children\":[{\"type\":\"row\",\"props\":{\"column_gap\":\"large\",\"divider\":false,\"layout\":\"2-3,1-3\",\"margin\":\"large\",\"margin_remove_bottom\":false,\"row_gap\":\"large\",\"vertical_align\":true},\"children\":[{\"type\":\"column\",\"props\":{\"image_position\":\"center-center\",\"order_first\":\"m\",\"position_sticky_breakpoint\":\"m\",\"vertical_align\":\"middle\",\"width_medium\":\"3-5\"},\"children\":[{\"type\":\"headline\",\"props\":{\"content\":\"Calidad al gusto\",\"margin\":\"large\",\"margin_remove_top\":true,\"maxwidth\":\"xlarge\",\"text_align_breakpoint\":\"m\",\"text_align_fallback\":\"center\",\"title_element\":\"div\",\"title_style\":\"h1\"}},{\"type\":\"text\",\"props\":{\"column\":\"1-2\",\"column_breakpoint\":\"l\",\"content\":\"\n\n<p>En Chillma Tobacco, el disfrute y la calidad son nuestras principales prioridades. Nuestra base es la planta de tabaco Virginia alemana de primera calidad, conocida por su cuerpo y su car\\u00e1cter azucarado: la base perfecta para un tabaco de shisha de primera clase.<\\\/p>\\n\n\n<p><\\\/p>\\n\n\n<p>Tambi\\u00e9n establecemos est\\u00e1ndares con nuestros sabores: junto con los mejores fabricantes alemanes, desarrollamos sabores \\u00fanicos que reflejan nuestra filosof\\u00eda. De este modo, combinamos la m\\u00e1xima calidad con una aut\\u00e9ntica experiencia de sabor, para todos aquellos que buscan algo especial.<\\\/p>\",\"margin\":\"default\"}},{\"type\":\"grid\",\"props\":{\"content_column_breakpoint\":\"m\",\"filter_align\":\"left\",\"filter_all\":true,\"filter_grid_breakpoint\":\"m\",\"filter_grid_width\":\"auto\",\"filter_position\":\"top\",\"filter_style\":\"tab\",\"grid_column_gap\":\"large\",\"grid_default\":\"auto\",\"grid_medium\":\"\",\"grid_small\":\"3\",\"icon_width\":80,\"image_align\":\"top\",\"image_grid_breakpoint\":\"m\",\"image_grid_width\":\"1-2\",\"image_svg_color\":\"emphasis\",\"item_animation\":true,\"link_style\":\"default\",\"link_text\":\"Read more\",\"margin\":\"large\",\"maxwidth\":\"xlarge\",\"meta_align\":\"below-title\",\"meta_color\":\"muted\",\"meta_element\":\"div\",\"meta_margin\":\"remove\",\"meta_style\":\"\",\"parallax_easing\":\"1\",\"show_content\":true,\"show_image\":true,\"show_link\":true,\"show_meta\":true,\"show_title\":true,\"title_align\":\"top\",\"title_element\":\"div\",\"title_grid_breakpoint\":\"m\",\"title_grid_width\":\"1-2\",\"title_hover_style\":\"reset\",\"title_style\":\"h1\"},\"children\":[{\"type\":\"grid_item\",\"props\":{\"meta\":\"Made in Germany\",\"title\":\"100%\"}},{\"type\":\"grid_item\",\"props\":{\"meta\":\"M\\u00e1xima calidad\",\"title\":\"100%\"}},{\"type\":\"grid_item\",\"props\":{\"meta\":\"Sabores\",\"title\":\"+75\"}}]}]},{\"type\":\"column\",\"props\":{\"image_position\":\"center-center\",\"order_first\":\"xs\",\"position_sticky_breakpoint\":\"m\",\"width_medium\":\"2-5\"},\"children\":[{\"type\":\"image\",\"props\":{\"image\":\"wp-content\\\/uploads\\\/2024\\\/12\\\/122.jpg\",\"image_height\":\"1570\",\"image_svg_color\":\"emphasis\",\"image_width\":\"1200\",\"margin\":\"default\"}}]}]}]},{\"name\":\"Offices\",\"type\":\"section\",\"props\":{\"animation\":\"slide-right-medium\",\"image\":\"wp-content\\\/uploads\\\/home-residences-bg.svg\",\"image_effect\":\"parallax\",\"image_height\":\"680\",\"image_parallax_bgy\":\"100,100\",\"image_parallax_easing\":\"1\",\"image_position\":\"top-left\",\"image_size\":\"contain\",\"image_width\":\"2000\",\"media_visibility\":\"m\",\"padding\":\"xlarge\",\"style\":\"default\",\"title_breakpoint\":\"xl\",\"title_position\":\"top-left\",\"title_rotation\":\"left\",\"vertical_align\":\"\",\"width\":\"default\"},\"children\":[{\"type\":\"row\",\"props\":{\"column_gap\":\"large\",\"layout\":\"2-3,1-3\",\"margin\":\"xlarge\",\"row_gap\":\"large\"},\"children\":[{\"type\":\"column\",\"props\":{\"image_position\":\"top-left\",\"media_visibility\":\"s\",\"padding\":\"none\",\"position_sticky_breakpoint\":\"m\",\"width_large\":\"2-3\"},\"children\":[{\"type\":\"overlay-slider\",\"props\":{\"image_width\":\"640\",\"link_style\":\"default\",\"link_text\":\"\",\"margin\":\"default\",\"meta_align\":\"below-title\",\"meta_element\":\"div\",\"meta_style\":\"text-meta\",\"nav\":\"\",\"nav_align\":\"center\",\"nav_breakpoint\":\"s\",\"overlay_hover\":false,\"overlay_link\":true,\"overlay_mode\":\"cover\",\"overlay_padding\":\"small\",\"overlay_position\":\"bottom-left\",\"overlay_transition\":\"slide-bottom-small\",\"show_content\":true,\"show_hover_image\":true,\"show_hover_video\":true,\"show_link\":true,\"show_meta\":true,\"show_title\":true,\"slidenav\":\"top-right\",\"slidenav_breakpoint\":\"\",\"slidenav_hover\":false,\"slidenav_large\":false,\"slidenav_margin\":\"medium\",\"slidenav_outside_breakpoint\":\"xl\",\"slider_autoplay\":true,\"slider_autoplay_pause\":true,\"slider_gap\":\"default\",\"slider_width\":\"fixed\",\"slider_width_default\":\"1-1\",\"slider_width_medium\":\"\",\"slider_width_small\":\"1-2\",\"text_align\":\"\",\"text_color\":\"light\",\"title_element\":\"div\",\"title_hover_style\":\"reset\",\"title_style\":\"h3\"},\"children\":[{\"type\":\"overlay-slider_item\",\"props\":{\"image\":\"wp-content\\\/uploads\\\/2024\\\/12\\\/45512.jpg\",\"link\":\"tabak\\\/\",\"link_text\":\"Desc\\u00fabrelo ahora\",\"title\":\"Tabaco\"}},{\"type\":\"overlay-slider_item\",\"props\":{\"image\":\"wp-content\\\/uploads\\\/2024\\\/12\\\/498182.jpg\",\"link\":\"liquid\\\/\",\"link_text\":\"Desc\\u00fabrelo ahora\",\"title\":\"L\\u00edquido\"}}]}]},{\"type\":\"column\",\"props\":{\"image_position\":\"center-center\",\"position_sticky_breakpoint\":\"m\",\"width_large\":\"1-3\"},\"children\":[{\"type\":\"headline\",\"props\":{\"content\":\"Indulgencia en la perfecci\\u00f3n\",\"margin\":\"remove-vertical\",\"title_element\":\"div\",\"title_style\":\"h1\"}},{\"type\":\"text\",\"props\":{\"column_breakpoint\":\"m\",\"content\":\"\n\n<p>Combinamos tradici\\u00f3n y precisi\\u00f3n en nuestra producci\\u00f3n. Especialistas con muchos a\\u00f1os de experiencia trabajan con sumo cuidado, siguen procesos precisos y utilizan m\\u00e9todos de almacenamiento tradicionales para preservar el incomparable sabor del tabaco Chillma. El trabajo manual y la pasi\\u00f3n hacen de nuestro producto un placer para el paladar.<\\\/p>\",\"margin\":\"large\"}}]}]}]}],\"version\":\"4.4.18\"} --><\/p>\n","protected":false},"excerpt":{"rendered":"<p>La empresa Combinamos calidad, tradici\u00f3n y pasi\u00f3n. Qui\u00e9nes somos Chillma Tobacco es un fabricante l\u00edder de tabaco para shisha con sede en R\u00f6dermark, Alemania. Nuestra pasi\u00f3n por el tabaco de alta calidad y una experiencia de fumado sin igual es la base de todo lo que hacemos. Nos basamos en la artesan\u00eda tradicional combinada con [&hellip;]<\/p>\n","protected":false},"author":1,"featured_media":0,"parent":0,"menu_order":0,"comment_status":"closed","ping_status":"closed","template":"","meta":{"inline_featured_image":false,"footnotes":""},"class_list":["post-578","page","type-page","status-publish","hentry"],"yoast_head":"<!-- This site is optimized with the Yoast SEO plugin v24.3 - https:\/\/yoast.com\/wordpress\/plugins\/seo\/ -->\n<title>La empresa - Chillma Tobacco GmbH<\/title>\n<meta name=\"robots\" content=\"index, follow, max-snippet:-1, max-image-preview:large, max-video-preview:-1\" \/>\n<link rel=\"canonical\" href=\"https:\/\/chillma-tobacco.de\/es\/la-empresa\/\" \/>\n<meta property=\"og:locale\" content=\"es_ES\" \/>\n<meta property=\"og:type\" content=\"article\" \/>\n<meta property=\"og:title\" content=\"La empresa - Chillma Tobacco GmbH\" \/>\n<meta property=\"og:description\" content=\"La empresa Combinamos calidad, tradici\u00f3n y pasi\u00f3n. Qui\u00e9nes somos Chillma Tobacco es un fabricante l\u00edder de tabaco para shisha con sede en R\u00f6dermark, Alemania. Nuestra pasi\u00f3n por el tabaco de alta calidad y una experiencia de fumado sin igual es la base de todo lo que hacemos. Nos basamos en la artesan\u00eda tradicional combinada con [&hellip;]\" \/>\n<meta property=\"og:url\" content=\"https:\/\/chillma-tobacco.de\/es\/la-empresa\/\" \/>\n<meta property=\"og:site_name\" content=\"Chillma Tobacco GmbH\" \/>\n<meta property=\"article:modified_time\" content=\"2025-01-27T16:12:01+00:00\" \/>\n<meta name=\"twitter:card\" content=\"summary_large_image\" \/>\n<meta name=\"twitter:label1\" content=\"Tiempo de lectura\" \/>\n\t<meta name=\"twitter:data1\" content=\"1 minuto\" \/>\n<script type=\"application\/ld+json\" class=\"yoast-schema-graph\">{\"@context\":\"https:\/\/schema.org\",\"@graph\":[{\"@type\":\"WebPage\",\"@id\":\"https:\/\/chillma-tobacco.de\/es\/la-empresa\/\",\"url\":\"https:\/\/chillma-tobacco.de\/es\/la-empresa\/\",\"name\":\"La empresa - Chillma Tobacco GmbH\",\"isPartOf\":{\"@id\":\"https:\/\/chillma-tobacco.de\/es\/#website\"},\"datePublished\":\"2024-09-11T09:40:59+00:00\",\"dateModified\":\"2025-01-27T16:12:01+00:00\",\"breadcrumb\":{\"@id\":\"https:\/\/chillma-tobacco.de\/es\/la-empresa\/#breadcrumb\"},\"inLanguage\":\"es\",\"potentialAction\":[{\"@type\":\"ReadAction\",\"target\":[\"https:\/\/chillma-tobacco.de\/es\/la-empresa\/\"]}]},{\"@type\":\"BreadcrumbList\",\"@id\":\"https:\/\/chillma-tobacco.de\/es\/la-empresa\/#breadcrumb\",\"itemListElement\":[{\"@type\":\"ListItem\",\"position\":1,\"name\":\"Startseite\",\"item\":\"https:\/\/chillma-tobacco.de\/es\/\"},{\"@type\":\"ListItem\",\"position\":2,\"name\":\"La empresa\"}]},{\"@type\":\"WebSite\",\"@id\":\"https:\/\/chillma-tobacco.de\/es\/#website\",\"url\":\"https:\/\/chillma-tobacco.de\/es\/\",\"name\":\"Chillma Tobacco GmbH\",\"description\":\"\",\"potentialAction\":[{\"@type\":\"SearchAction\",\"target\":{\"@type\":\"EntryPoint\",\"urlTemplate\":\"https:\/\/chillma-tobacco.de\/es\/?s={search_term_string}\"},\"query-input\":{\"@type\":\"PropertyValueSpecification\",\"valueRequired\":true,\"valueName\":\"search_term_string\"}}],\"inLanguage\":\"es\"}]}<\/script>\n<!-- \/ Yoast SEO plugin. -->","yoast_head_json":{"title":"La empresa - Chillma Tobacco GmbH","robots":{"index":"index","follow":"follow","max-snippet":"max-snippet:-1","max-image-preview":"max-image-preview:large","max-video-preview":"max-video-preview:-1"},"canonical":"https:\/\/chillma-tobacco.de\/es\/la-empresa\/","og_locale":"es_ES","og_type":"article","og_title":"La empresa - Chillma Tobacco GmbH","og_description":"La empresa Combinamos calidad, tradici\u00f3n y pasi\u00f3n. Qui\u00e9nes somos Chillma Tobacco es un fabricante l\u00edder de tabaco para shisha con sede en R\u00f6dermark, Alemania. Nuestra pasi\u00f3n por el tabaco de alta calidad y una experiencia de fumado sin igual es la base de todo lo que hacemos. Nos basamos en la artesan\u00eda tradicional combinada con [&hellip;]","og_url":"https:\/\/chillma-tobacco.de\/es\/la-empresa\/","og_site_name":"Chillma Tobacco GmbH","article_modified_time":"2025-01-27T16:12:01+00:00","twitter_card":"summary_large_image","twitter_misc":{"Tiempo de lectura":"1 minuto"},"schema":{"@context":"https:\/\/schema.org","@graph":[{"@type":"WebPage","@id":"https:\/\/chillma-tobacco.de\/es\/la-empresa\/","url":"https:\/\/chillma-tobacco.de\/es\/la-empresa\/","name":"La empresa - Chillma Tobacco GmbH","isPartOf":{"@id":"https:\/\/chillma-tobacco.de\/es\/#website"},"datePublished":"2024-09-11T09:40:59+00:00","dateModified":"2025-01-27T16:12:01+00:00","breadcrumb":{"@id":"https:\/\/chillma-tobacco.de\/es\/la-empresa\/#breadcrumb"},"inLanguage":"es","potentialAction":[{"@type":"ReadAction","target":["https:\/\/chillma-tobacco.de\/es\/la-empresa\/"]}]},{"@type":"BreadcrumbList","@id":"https:\/\/chillma-tobacco.de\/es\/la-empresa\/#breadcrumb","itemListElement":[{"@type":"ListItem","position":1,"name":"Startseite","item":"https:\/\/chillma-tobacco.de\/es\/"},{"@type":"ListItem","position":2,"name":"La empresa"}]},{"@type":"WebSite","@id":"https:\/\/chillma-tobacco.de\/es\/#website","url":"https:\/\/chillma-tobacco.de\/es\/","name":"Chillma Tobacco GmbH","description":"","potentialAction":[{"@type":"SearchAction","target":{"@type":"EntryPoint","urlTemplate":"https:\/\/chillma-tobacco.de\/es\/?s={search_term_string}"},"query-input":{"@type":"PropertyValueSpecification","valueRequired":true,"valueName":"search_term_string"}}],"inLanguage":"es"}]}},"_links":{"self":[{"href":"https:\/\/chillma-tobacco.de\/es\/wp-json\/wp\/v2\/pages\/578","targetHints":{"allow":["GET"]}}],"collection":[{"href":"https:\/\/chillma-tobacco.de\/es\/wp-json\/wp\/v2\/pages"}],"about":[{"href":"https:\/\/chillma-tobacco.de\/es\/wp-json\/wp\/v2\/types\/page"}],"author":[{"embeddable":true,"href":"https:\/\/chillma-tobacco.de\/es\/wp-json\/wp\/v2\/users\/1"}],"replies":[{"embeddable":true,"href":"https:\/\/chillma-tobacco.de\/es\/wp-json\/wp\/v2\/comments?post=578"}],"version-history":[{"count":3,"href":"https:\/\/chillma-tobacco.de\/es\/wp-json\/wp\/v2\/pages\/578\/revisions"}],"predecessor-version":[{"id":609,"href":"https:\/\/chillma-tobacco.de\/es\/wp-json\/wp\/v2\/pages\/578\/revisions\/609"}],"wp:attachment":[{"href":"https:\/\/chillma-tobacco.de\/es\/wp-json\/wp\/v2\/media?parent=578"}],"curies":[{"name":"wp","href":"https:\/\/api.w.org\/{rel}","templated":true}]}}