{"id":577,"date":"2024-09-11T10:40:53","date_gmt":"2024-09-11T09:40:53","guid":{"rendered":"https:\/\/chillma-tobacco.de\/pie-de-imprenta\/"},"modified":"2024-09-11T10:40:53","modified_gmt":"2024-09-11T09:40:53","slug":"pie-de-imprenta","status":"publish","type":"page","link":"https:\/\/chillma-tobacco.de\/es\/pie-de-imprenta\/","title":{"rendered":"Pie de imprenta"},"content":{"rendered":"<h1>Pie de imprenta<\/h1>\n<div>\n<div class=\"wpb_text_column wpb_content_element \">\n<div class=\"wpb_wrapper\">\n<h4 class=\"smaller-h1\">Informaci\u00f3n seg\u00fan \u00a7 5 TMG<\/h4>\n<p><strong><br \/><\/strong><\/p>\n<p>C<strong>hillma Tobacco GmbH<\/strong>Carl-Zeiss-Stra\u00dfe 27 63322 R\u00f6dermark Alemania<strong><\/strong><\/p>\n<p>Tel\u00e9fono: +49 (0) 6074 919 98 63 Correo electr\u00f3nico: info@chillma-tobacco.com<\/p>\n<p><span>N\u00famero de IVA acc. \u00a7 27a UStG: DE363713565<\/span><\/p>\n<p>Registro mercantil: HRB 55716 Tribunal de registro: Juzgado de Primera Instancia de Offenbach am Main<\/p>\n<p>Representado por los directores generales: Sr. Yalcin Can Sr. Hamid Reza Ramezan Nejad<\/p>\n<\/div>\n<\/div>\n<div class=\"wpb_text_column wpb_content_element \">\n<div class=\"wpb_wrapper\">\n<h4 class=\"smaller-h2\">Resoluci\u00f3n de conflictos<\/h4>\n<p>No estamos dispuestos ni obligados a participar en procedimientos de resoluci\u00f3n de litigios ante una junta de arbitraje de consumo.<\/p>\n<h4 class=\"smaller-h2\">Descargo de responsabilidad<\/h4>\n<\/div>\n<\/div>\n<\/div>\n<ul>\n<li>\n<h3>Responsabilidad por el contenido<\/h3>\n<div>\n<p><span>El contenido de nuestras p\u00e1ginas se ha creado con el mayor cuidado. Sin embargo, no podemos asumir ninguna responsabilidad por la exactitud, integridad y actualidad de los contenidos. Como proveedor de servicios, estamos obligados seg\u00fan \u00a7 7 p\u00e1rrafo 1 TMG es responsable de su propio contenido en estas p\u00e1ginas de acuerdo con las leyes generales. Sin embargo, seg\u00fan los \u00a7\u00a7 8 a 10 de la TMG, como proveedor de servicios no estamos obligados a controlar la informaci\u00f3n de terceros transmitida o almacenada ni a investigar circunstancias que indiquen una actividad ilegal. Esto no afecta a las obligaciones de eliminar o bloquear el uso de informaci\u00f3n de acuerdo con las leyes generales. Sin embargo, la responsabilidad a este respecto s\u00f3lo es posible a partir del momento en que se tiene conocimiento de una infracci\u00f3n concreta. Tan pronto como tengamos conocimiento de tales infracciones, eliminaremos este contenido inmediatamente.<\/span><\/p>\n<\/div>\n<\/li>\n<li>\n<h3>Responsabilidad de los enlaces<\/h3>\n<div>\n<p><span>Nuestro sitio web contiene enlaces a sitios web externos de terceros sobre cuyo contenido no tenemos ninguna influencia. Por lo tanto, no podemos aceptar ninguna responsabilidad por este contenido de terceros. El respectivo proveedor u operador de las p\u00e1ginas es siempre responsable del contenido de las p\u00e1ginas enlazadas. Las p\u00e1ginas enlazadas se comprobaron para detectar posibles infracciones legales en el momento de enlazarlas. Los contenidos ilegales no eran reconocibles en el momento del enlace. Sin embargo, la vigilancia permanente del contenido de las p\u00e1ginas enlazadas no es razonable sin pruebas concretas de una infracci\u00f3n. Si tenemos conocimiento de alguna infracci\u00f3n legal, eliminaremos dichos enlaces inmediatamente.<\/span><\/p>\n<\/div>\n<\/li>\n<li>\n<h3>Derechos de autor<\/h3>\n<div>\n<p><span>El contenido y las obras creadas por los operadores del sitio en estas p\u00e1ginas est\u00e1n sujetos a la legislaci\u00f3n alemana sobre derechos de autor. La reproducci\u00f3n, edici\u00f3n, distribuci\u00f3n y cualquier tipo de utilizaci\u00f3n fuera de los l\u00edmites de la ley de derechos de autor requieren el consentimiento por escrito del autor o creador respectivo. Las descargas y copias de este sitio s\u00f3lo est\u00e1n permitidas para uso privado y no comercial. En la medida en que el contenido de este sitio no haya sido creado por el operador, se respetan los derechos de autor de terceros. En particular, los contenidos de terceros se etiquetan como tales. Si, a pesar de todo, tuvieras conocimiento de una infracci\u00f3n de los derechos de autor, te rogamos que nos lo comuniques. Si tenemos conocimiento de alguna infracci\u00f3n legal, eliminaremos dicho contenido inmediatamente.<\/span><\/p>\n<\/div>\n<\/li>\n<\/ul>\n<p><!--more--><br \/>\n<!-- {\"type\":\"layout\",\"children\":[{\"type\":\"section\",\"props\":{\"image_position\":\"center-center\",\"style\":\"default\",\"title_breakpoint\":\"xl\",\"title_position\":\"top-left\",\"title_rotation\":\"left\",\"vertical_align\":\"middle\",\"width\":\"default\"},\"children\":[{\"type\":\"row\",\"children\":[{\"type\":\"column\",\"props\":{\"image_position\":\"center-center\",\"position_sticky_breakpoint\":\"m\"},\"children\":[{\"type\":\"headline\",\"props\":{\"content\":\"Impressum\",\"text_align\":\"center\",\"title_element\":\"h1\",\"title_style\":\"heading-small\"}},{\"type\":\"text\",\"props\":{\"block_align\":\"center\",\"column_breakpoint\":\"m\",\"content\":\"\n\n<div class=\\\"wpb_text_column wpb_content_element \\\">\\n\n\n<div class=\\\"wpb_wrapper\\\">\\n\n\n<h4 class=\\\"smaller-h1\\\">Angaben gem\\u00e4\\u00df \\u00a7 5 TMG<\\\/h4>\\n\n\n<p><strong>Chillma Tobacco GmbH<br \\\/><\\\/strong>Carl-Zeiss-Stra\\u00dfe 27<br \\\/>63322 R\\u00f6dermark<br \\\/>Deutschland<br \\\/><br \\\/>Tel.: +49 (0) 6074 919 98 63<br \\\/>E-Mail: info@chillma-tobacco.com<br \\\/><br \\\/><span>USt-IdNr. gem. \\u00a7 27a UStG: DE363713565<\\\/span><\\\/p>\\n\n\n<p>Handelsregister:\\u00a0HRB 55716<br \\\/>Registergericht: Amtsgericht Offenbach am Main<\\\/p>\\n\n\n<p>Vertreten durch die Gesch\\u00e4ftsf\\u00fchrer:<br \\\/>Herr Yalcin Can<br \\\/>Herr Hamid Reza Ramezan Nejad<\\\/p>\\n<\\\/div>\\n<\\\/div>\\n\n\n<div class=\\\"wpb_text_column wpb_content_element \\\">\\n\n\n<div class=\\\"wpb_wrapper\\\">\\n\n\n<h4 class=\\\"smaller-h2\\\">Streitschlichtung<\\\/h4>\\n\n\n<p>Wir sind nicht bereit oder verpflichtet, an Streitbeilegungsverfahren vor einer Verbraucherschlichtungsstelle teilzunehmen.<\\\/p>\\n\n\n<h4 class=\\\"smaller-h2\\\">Haftungsausschluss<\\\/h4>\\n<\\\/div>\\n<\\\/div>\",\"margin\":\"default\",\"maxwidth\":\"2xlarge\",\"text_align\":\"center\"}},{\"type\":\"accordion\",\"props\":{\"block_align\":\"center\",\"collapsible\":true,\"content_column_breakpoint\":\"m\",\"image_align\":\"top\",\"image_grid_breakpoint\":\"m\",\"image_grid_width\":\"1-2\",\"image_svg_color\":\"emphasis\",\"link_style\":\"default\",\"link_text\":\"Read more\",\"maxwidth\":\"xlarge\",\"show_image\":true,\"show_link\":true},\"children\":[{\"type\":\"accordion_item\",\"props\":{\"content\":\"\n\n<p><span>Die Inhalte unserer Seiten wurden mit gr\\u00f6\\u00dfter Sorgfalt erstellt. F\\u00fcr die Richtigkeit, Vollst\\u00e4ndigkeit und Aktualit\\u00e4t der Inhalte k\\u00f6nnen wir jedoch keine Gew\\u00e4hr \\u00fcbernehmen. Als Diensteanbieter sind wir gem\\u00e4\\u00df \\u00a7 7 Abs.1 TMG f\\u00fcr eigene Inhalte auf diesen Seiten nach den allgemeinen Gesetzen verantwortlich. Nach \\u00a7\\u00a7 8 bis 10 TMG sind wir als Diensteanbieter jedoch nicht verpflichtet, \\u00fcbermittelte oder gespeicherte fremde Informationen zu \\u00fcberwachen oder nach Umst\\u00e4nden zu forschen, die auf eine rechtswidrige T\\u00e4tigkeit hinweisen. Verpflichtungen zur Entfernung oder Sperrung der Nutzung von Informationen nach den allgemeinen Gesetzen bleiben hiervon unber\\u00fchrt. Eine diesbez\\u00fcgliche Haftung ist jedoch erst ab dem Zeitpunkt der Kenntnis einer konkreten Rechtsverletzung m\\u00f6glich. Bei Bekanntwerden von entsprechenden Rechtsverletzungen werden wir diese Inhalte umgehend entfernen.<\\\/span><\\\/p>\",\"title\":\"Haftung f\\u00fcr Inhalte\"}},{\"type\":\"accordion_item\",\"props\":{\"content\":\"\n\n<p><span>Unser Angebot enth\\u00e4lt Links zu externen Webseiten Dritter, auf deren Inhalte wir keinen Einfluss haben. Deshalb k\\u00f6nnen wir f\\u00fcr diese fremden Inhalte auch keine Gew\\u00e4hr \\u00fcbernehmen. F\\u00fcr die Inhalte der verlinkten Seiten ist stets der jeweilige Anbieter oder Betreiber der Seiten verantwortlich. Die verlinkten Seiten wurden zum Zeitpunkt der Verlinkung auf m\\u00f6gliche Rechtsverst\\u00f6\\u00dfe \\u00fcberpr\\u00fcft. Rechtswidrige Inhalte waren zum Zeitpunkt der Verlinkung nicht erkennbar. Eine permanente inhaltliche Kontrolle der verlinkten Seiten ist jedoch ohne konkrete Anhaltspunkte einer Rechtsverletzung nicht zumutbar. Bei Bekanntwerden von Rechtsverletzungen werden wir derartige Links umgehend entfernen.<\\\/span><\\\/p>\",\"title\":\"Haftung f\\u00fcr Links\"}},{\"type\":\"accordion_item\",\"props\":{\"content\":\"\n\n<p><span>Die durch die Seitenbetreiber erstellten Inhalte und Werke auf diesen Seiten unterliegen dem deutschen Urheberrecht. Die Vervielf\\u00e4ltigung, Bearbeitung, Verbreitung und jede Art der Verwertung au\\u00dferhalb der Grenzen des Urheberrechtes bed\\u00fcrfen der schriftlichen Zustimmung des jeweiligen Autors bzw. Erstellers. Downloads und Kopien dieser Seite sind nur f\\u00fcr den privaten, nicht kommerziellen Gebrauch gestattet. Soweit die Inhalte auf dieser Seite nicht vom Betreiber erstellt wurden, werden die Urheberrechte Dritter beachtet. Insbesondere werden Inhalte Dritter als solche gekennzeichnet. Sollten Sie trotzdem auf eine Urheberrechtsverletzung aufmerksam werden, bitten wir um einen entsprechenden Hinweis. Bei Bekanntwerden von Rechtsverletzungen werden wir derartige Inhalte umgehend entfernen.<\\\/span><\\\/p>\",\"title\":\"Urheberrecht\"}}]}]}]}]}],\"version\":\"4.4.18\"} --><\/p>\n","protected":false},"excerpt":{"rendered":"<p>Pie de imprenta Informaci\u00f3n seg\u00fan \u00a7 5 TMG Chillma Tobacco GmbHCarl-Zeiss-Stra\u00dfe 27 63322 R\u00f6dermark Alemania Tel\u00e9fono: +49 (0) 6074 919 98 63 Correo electr\u00f3nico: info@chillma-tobacco.com N\u00famero de IVA acc. \u00a7 27a UStG: DE363713565 Registro mercantil: HRB 55716 Tribunal de registro: Juzgado de Primera Instancia de Offenbach am Main Representado por los directores generales: Sr. Yalcin [&hellip;]<\/p>\n","protected":false},"author":1,"featured_media":0,"parent":0,"menu_order":0,"comment_status":"closed","ping_status":"closed","template":"","meta":{"inline_featured_image":false,"footnotes":""},"class_list":["post-577","page","type-page","status-publish","hentry"],"yoast_head":"<!-- This site is optimized with the Yoast SEO plugin v24.3 - https:\/\/yoast.com\/wordpress\/plugins\/seo\/ -->\n<title>Pie de imprenta - Chillma Tobacco GmbH<\/title>\n<meta name=\"robots\" content=\"index, follow, max-snippet:-1, max-image-preview:large, max-video-preview:-1\" \/>\n<link rel=\"canonical\" href=\"https:\/\/chillma-tobacco.de\/es\/pie-de-imprenta\/\" \/>\n<meta property=\"og:locale\" content=\"es_ES\" \/>\n<meta property=\"og:type\" content=\"article\" \/>\n<meta property=\"og:title\" content=\"Pie de imprenta - Chillma Tobacco GmbH\" \/>\n<meta property=\"og:description\" content=\"Pie de imprenta Informaci\u00f3n seg\u00fan \u00a7 5 TMG Chillma Tobacco GmbHCarl-Zeiss-Stra\u00dfe 27 63322 R\u00f6dermark Alemania Tel\u00e9fono: +49 (0) 6074 919 98 63 Correo electr\u00f3nico: info@chillma-tobacco.com N\u00famero de IVA acc. \u00a7 27a UStG: DE363713565 Registro mercantil: HRB 55716 Tribunal de registro: Juzgado de Primera Instancia de Offenbach am Main Representado por los directores generales: Sr. Yalcin [&hellip;]\" \/>\n<meta property=\"og:url\" content=\"https:\/\/chillma-tobacco.de\/es\/pie-de-imprenta\/\" \/>\n<meta property=\"og:site_name\" content=\"Chillma Tobacco GmbH\" \/>\n<meta name=\"twitter:card\" content=\"summary_large_image\" \/>\n<meta name=\"twitter:label1\" content=\"Tiempo de lectura\" \/>\n\t<meta name=\"twitter:data1\" content=\"3 minutos\" \/>\n<script type=\"application\/ld+json\" class=\"yoast-schema-graph\">{\"@context\":\"https:\/\/schema.org\",\"@graph\":[{\"@type\":\"WebPage\",\"@id\":\"https:\/\/chillma-tobacco.de\/es\/pie-de-imprenta\/\",\"url\":\"https:\/\/chillma-tobacco.de\/es\/pie-de-imprenta\/\",\"name\":\"Pie de imprenta - Chillma Tobacco GmbH\",\"isPartOf\":{\"@id\":\"https:\/\/chillma-tobacco.de\/es\/#website\"},\"datePublished\":\"2024-09-11T09:40:53+00:00\",\"dateModified\":\"2024-09-11T09:40:53+00:00\",\"breadcrumb\":{\"@id\":\"https:\/\/chillma-tobacco.de\/es\/pie-de-imprenta\/#breadcrumb\"},\"inLanguage\":\"es\",\"potentialAction\":[{\"@type\":\"ReadAction\",\"target\":[\"https:\/\/chillma-tobacco.de\/es\/pie-de-imprenta\/\"]}]},{\"@type\":\"BreadcrumbList\",\"@id\":\"https:\/\/chillma-tobacco.de\/es\/pie-de-imprenta\/#breadcrumb\",\"itemListElement\":[{\"@type\":\"ListItem\",\"position\":1,\"name\":\"Startseite\",\"item\":\"https:\/\/chillma-tobacco.de\/es\/\"},{\"@type\":\"ListItem\",\"position\":2,\"name\":\"Pie de imprenta\"}]},{\"@type\":\"WebSite\",\"@id\":\"https:\/\/chillma-tobacco.de\/es\/#website\",\"url\":\"https:\/\/chillma-tobacco.de\/es\/\",\"name\":\"Chillma Tobacco GmbH\",\"description\":\"\",\"potentialAction\":[{\"@type\":\"SearchAction\",\"target\":{\"@type\":\"EntryPoint\",\"urlTemplate\":\"https:\/\/chillma-tobacco.de\/es\/?s={search_term_string}\"},\"query-input\":{\"@type\":\"PropertyValueSpecification\",\"valueRequired\":true,\"valueName\":\"search_term_string\"}}],\"inLanguage\":\"es\"}]}<\/script>\n<!-- \/ Yoast SEO plugin. -->","yoast_head_json":{"title":"Pie de imprenta - Chillma Tobacco GmbH","robots":{"index":"index","follow":"follow","max-snippet":"max-snippet:-1","max-image-preview":"max-image-preview:large","max-video-preview":"max-video-preview:-1"},"canonical":"https:\/\/chillma-tobacco.de\/es\/pie-de-imprenta\/","og_locale":"es_ES","og_type":"article","og_title":"Pie de imprenta - Chillma Tobacco GmbH","og_description":"Pie de imprenta Informaci\u00f3n seg\u00fan \u00a7 5 TMG Chillma Tobacco GmbHCarl-Zeiss-Stra\u00dfe 27 63322 R\u00f6dermark Alemania Tel\u00e9fono: +49 (0) 6074 919 98 63 Correo electr\u00f3nico: info@chillma-tobacco.com N\u00famero de IVA acc. \u00a7 27a UStG: DE363713565 Registro mercantil: HRB 55716 Tribunal de registro: Juzgado de Primera Instancia de Offenbach am Main Representado por los directores generales: Sr. Yalcin [&hellip;]","og_url":"https:\/\/chillma-tobacco.de\/es\/pie-de-imprenta\/","og_site_name":"Chillma Tobacco GmbH","twitter_card":"summary_large_image","twitter_misc":{"Tiempo de lectura":"3 minutos"},"schema":{"@context":"https:\/\/schema.org","@graph":[{"@type":"WebPage","@id":"https:\/\/chillma-tobacco.de\/es\/pie-de-imprenta\/","url":"https:\/\/chillma-tobacco.de\/es\/pie-de-imprenta\/","name":"Pie de imprenta - Chillma Tobacco GmbH","isPartOf":{"@id":"https:\/\/chillma-tobacco.de\/es\/#website"},"datePublished":"2024-09-11T09:40:53+00:00","dateModified":"2024-09-11T09:40:53+00:00","breadcrumb":{"@id":"https:\/\/chillma-tobacco.de\/es\/pie-de-imprenta\/#breadcrumb"},"inLanguage":"es","potentialAction":[{"@type":"ReadAction","target":["https:\/\/chillma-tobacco.de\/es\/pie-de-imprenta\/"]}]},{"@type":"BreadcrumbList","@id":"https:\/\/chillma-tobacco.de\/es\/pie-de-imprenta\/#breadcrumb","itemListElement":[{"@type":"ListItem","position":1,"name":"Startseite","item":"https:\/\/chillma-tobacco.de\/es\/"},{"@type":"ListItem","position":2,"name":"Pie de imprenta"}]},{"@type":"WebSite","@id":"https:\/\/chillma-tobacco.de\/es\/#website","url":"https:\/\/chillma-tobacco.de\/es\/","name":"Chillma Tobacco GmbH","description":"","potentialAction":[{"@type":"SearchAction","target":{"@type":"EntryPoint","urlTemplate":"https:\/\/chillma-tobacco.de\/es\/?s={search_term_string}"},"query-input":{"@type":"PropertyValueSpecification","valueRequired":true,"valueName":"search_term_string"}}],"inLanguage":"es"}]}},"_links":{"self":[{"href":"https:\/\/chillma-tobacco.de\/es\/wp-json\/wp\/v2\/pages\/577","targetHints":{"allow":["GET"]}}],"collection":[{"href":"https:\/\/chillma-tobacco.de\/es\/wp-json\/wp\/v2\/pages"}],"about":[{"href":"https:\/\/chillma-tobacco.de\/es\/wp-json\/wp\/v2\/types\/page"}],"author":[{"embeddable":true,"href":"https:\/\/chillma-tobacco.de\/es\/wp-json\/wp\/v2\/users\/1"}],"replies":[{"embeddable":true,"href":"https:\/\/chillma-tobacco.de\/es\/wp-json\/wp\/v2\/comments?post=577"}],"version-history":[{"count":0,"href":"https:\/\/chillma-tobacco.de\/es\/wp-json\/wp\/v2\/pages\/577\/revisions"}],"wp:attachment":[{"href":"https:\/\/chillma-tobacco.de\/es\/wp-json\/wp\/v2\/media?parent=577"}],"curies":[{"name":"wp","href":"https:\/\/api.w.org\/{rel}","templated":true}]}}