{"id":574,"date":"2024-09-11T10:41:38","date_gmt":"2024-09-11T09:41:38","guid":{"rendered":"https:\/\/chillma-tobacco.de\/contacta-con-nosotros\/"},"modified":"2025-01-27T17:09:17","modified_gmt":"2025-01-27T16:09:17","slug":"contacta-con-nosotros","status":"publish","type":"page","link":"https:\/\/chillma-tobacco.de\/es\/contacta-con-nosotros\/","title":{"rendered":"Contacta con nosotros"},"content":{"rendered":"<h1>\u00bfTiene alguna pregunta?<\/h1>\n<h2>Direcci\u00f3n<\/h2>\n<h2>\n<p>Chillma Tobacco GmbH<br \/>Carl-Zeiss-Stra\u00dfe 27<br \/>63322 R\u00f6dermark<br \/>Alemania<\/p>\n<\/h2>\n<hr>\n<h2>Contacto<\/h2>\n<h2>+49 (0) 6074 919 98 63<\/h2>\n<h2>info@chillma-tobacco.com<\/h2>\n<hr>\n<h2>Redes sociales<\/h2>\n<ul>\n<li><a href=\"https:\/\/www.instagram.com\/chillma_tobacco\/\">instagram<\/a>\n<\/li>\n<\/ul>\n<p><!--more--><br \/>\n<!-- {\"type\":\"layout\",\"children\":[{\"type\":\"section\",\"props\":{\"class\":\"uk-position-relative\",\"header_transparent\":false,\"header_transparent_noplaceholder\":false,\"id\":\"contact\",\"image_position\":\"center-center\",\"media_overlay\":\"rgba(0, 0, 0, 0.8)\",\"padding_remove_bottom\":false,\"padding_remove_top\":false,\"style\":\"default\",\"title_breakpoint\":\"xl\",\"title_position\":\"top-left\",\"title_rotation\":\"left\",\"vertical_align\":\"\",\"width\":\"\"},\"children\":[{\"type\":\"row\",\"props\":{\"margin\":\"large\",\"width\":\"default\"},\"children\":[{\"type\":\"column\",\"props\":{\"image_position\":\"center-center\",\"position_sticky_breakpoint\":\"m\"},\"children\":[{\"type\":\"headline\",\"props\":{\"blend\":false,\"block_align\":\"center\",\"content\":\"\\u00bfTiene alguna pregunta?\",\"margin\":\"medium\",\"margin_remove_bottom\":false,\"maxwidth\":\"xlarge\",\"position\":\"relative\",\"position_z_index\":\"1\",\"text_align\":\"center\",\"title_element\":\"h1\",\"title_style\":\"heading-small\"}},{\"type\":\"headline\",\"props\":{\"content\":\"Direcci\\u00f3n\",\"margin\":\"default\",\"margin_remove_bottom\":false,\"position\":\"relative\",\"position_z_index\":\"1\",\"text_align\":\"center\",\"title_element\":\"h2\",\"title_style\":\"h6\"}},{\"type\":\"headline\",\"props\":{\"blend\":false,\"content\":\"\n\n<p>Chillma Tobacco GmbH<br \\\/>Carl-Zeiss-Stra\\u00dfe 27<br \\\/>63322 R\\u00f6dermark<br \/>Alemania<\\\/p>\",\"margin\":\"large\",\"margin_remove_bottom\":false,\"margin_remove_top\":true,\"position\":\"relative\",\"position_z_index\":\"1\",\"text_align\":\"center\",\"title_element\":\"h2\",\"title_style\":\"h3\"}},{\"type\":\"divider\",\"props\":{\"divider_align\":\"center\",\"divider_element\":\"hr\",\"divider_style\":\"small\"}},{\"type\":\"headline\",\"props\":{\"content\":\"Contacto\",\"margin\":\"default\",\"margin_remove_bottom\":false,\"position\":\"relative\",\"position_z_index\":\"1\",\"text_align\":\"center\",\"title_element\":\"h2\",\"title_style\":\"h6\"}},{\"type\":\"headline\",\"props\":{\"blend\":false,\"content\":\"+49 (0) 6074 919 98 63\",\"margin\":\"default\",\"margin_remove_bottom\":true,\"position\":\"relative\",\"position_z_index\":\"1\",\"text_align\":\"center\",\"title_element\":\"h2\",\"title_style\":\"h3\"}},{\"type\":\"headline\",\"props\":{\"blend\":false,\"content\":\"info@chillma-tobacco.com\",\"margin\":\"default\",\"margin_remove_bottom\":false,\"margin_remove_top\":true,\"position\":\"relative\",\"position_z_index\":\"1\",\"text_align\":\"center\",\"title_element\":\"h2\",\"title_style\":\"h3\"}},{\"type\":\"divider\",\"props\":{\"divider_align\":\"center\",\"divider_element\":\"hr\",\"divider_style\":\"small\"}},{\"type\":\"headline\",\"props\":{\"content\":\"Redes sociales\",\"margin_remove_bottom\":true,\"position\":\"relative\",\"position_z_index\":\"1\",\"text_align\":\"center\",\"title_element\":\"h2\",\"title_style\":\"h6\"}},{\"type\":\"social\",\"props\":{\"grid\":\"horizontal\",\"grid_column_gap\":\"small\",\"grid_row_gap\":\"small\",\"image_svg_inline\":true,\"link_style\":\"button\",\"link_target\":true,\"margin\":\"default\",\"position\":\"relative\",\"position_z_index\":\"1\",\"text_align\":\"center\"},\"children\":[{\"type\":\"social_item\",\"props\":{\"link\":\"https:\\\/\\\/www.instagram.com\\\/chillma_tobacco\\\/\"}}]}]}]}],\"name\":\"Contact\",\"modified\":\"2021-09-28T09:31:56.668Z\"}],\"version\":\"4.4.18\"} --><\/p>\n","protected":false},"excerpt":{"rendered":"<p>\u00bfTiene alguna pregunta? Direcci\u00f3n Chillma Tobacco GmbHCarl-Zeiss-Stra\u00dfe 2763322 R\u00f6dermarkAlemania Contacto +49 (0) 6074 919 98 63 info@chillma-tobacco.com Redes sociales instagram<\/p>\n","protected":false},"author":1,"featured_media":0,"parent":0,"menu_order":0,"comment_status":"closed","ping_status":"closed","template":"","meta":{"inline_featured_image":false,"footnotes":""},"class_list":["post-574","page","type-page","status-publish","hentry"],"yoast_head":"<!-- This site is optimized with the Yoast SEO plugin v24.3 - https:\/\/yoast.com\/wordpress\/plugins\/seo\/ -->\n<title>Contacta con nosotros - Chillma Tobacco GmbH<\/title>\n<meta name=\"robots\" content=\"index, follow, max-snippet:-1, max-image-preview:large, max-video-preview:-1\" \/>\n<link rel=\"canonical\" href=\"https:\/\/chillma-tobacco.de\/es\/contacta-con-nosotros\/\" \/>\n<meta property=\"og:locale\" content=\"es_ES\" \/>\n<meta property=\"og:type\" content=\"article\" \/>\n<meta property=\"og:title\" content=\"Contacta con nosotros - Chillma Tobacco GmbH\" \/>\n<meta property=\"og:description\" content=\"\u00bfTiene alguna pregunta? Direcci\u00f3n Chillma Tobacco GmbHCarl-Zeiss-Stra\u00dfe 2763322 R\u00f6dermarkAlemania Contacto +49 (0) 6074 919 98 63 info@chillma-tobacco.com Redes sociales instagram\" \/>\n<meta property=\"og:url\" content=\"https:\/\/chillma-tobacco.de\/es\/contacta-con-nosotros\/\" \/>\n<meta property=\"og:site_name\" content=\"Chillma Tobacco GmbH\" \/>\n<meta property=\"article:modified_time\" content=\"2025-01-27T16:09:17+00:00\" \/>\n<meta name=\"twitter:card\" content=\"summary_large_image\" \/>\n<script type=\"application\/ld+json\" class=\"yoast-schema-graph\">{\"@context\":\"https:\/\/schema.org\",\"@graph\":[{\"@type\":\"WebPage\",\"@id\":\"https:\/\/chillma-tobacco.de\/es\/contacta-con-nosotros\/\",\"url\":\"https:\/\/chillma-tobacco.de\/es\/contacta-con-nosotros\/\",\"name\":\"Contacta con nosotros - Chillma Tobacco GmbH\",\"isPartOf\":{\"@id\":\"https:\/\/chillma-tobacco.de\/es\/#website\"},\"datePublished\":\"2024-09-11T09:41:38+00:00\",\"dateModified\":\"2025-01-27T16:09:17+00:00\",\"breadcrumb\":{\"@id\":\"https:\/\/chillma-tobacco.de\/es\/contacta-con-nosotros\/#breadcrumb\"},\"inLanguage\":\"es\",\"potentialAction\":[{\"@type\":\"ReadAction\",\"target\":[\"https:\/\/chillma-tobacco.de\/es\/contacta-con-nosotros\/\"]}]},{\"@type\":\"BreadcrumbList\",\"@id\":\"https:\/\/chillma-tobacco.de\/es\/contacta-con-nosotros\/#breadcrumb\",\"itemListElement\":[{\"@type\":\"ListItem\",\"position\":1,\"name\":\"Startseite\",\"item\":\"https:\/\/chillma-tobacco.de\/es\/\"},{\"@type\":\"ListItem\",\"position\":2,\"name\":\"Contacta con nosotros\"}]},{\"@type\":\"WebSite\",\"@id\":\"https:\/\/chillma-tobacco.de\/es\/#website\",\"url\":\"https:\/\/chillma-tobacco.de\/es\/\",\"name\":\"Chillma Tobacco GmbH\",\"description\":\"\",\"potentialAction\":[{\"@type\":\"SearchAction\",\"target\":{\"@type\":\"EntryPoint\",\"urlTemplate\":\"https:\/\/chillma-tobacco.de\/es\/?s={search_term_string}\"},\"query-input\":{\"@type\":\"PropertyValueSpecification\",\"valueRequired\":true,\"valueName\":\"search_term_string\"}}],\"inLanguage\":\"es\"}]}<\/script>\n<!-- \/ Yoast SEO plugin. -->","yoast_head_json":{"title":"Contacta con nosotros - Chillma Tobacco GmbH","robots":{"index":"index","follow":"follow","max-snippet":"max-snippet:-1","max-image-preview":"max-image-preview:large","max-video-preview":"max-video-preview:-1"},"canonical":"https:\/\/chillma-tobacco.de\/es\/contacta-con-nosotros\/","og_locale":"es_ES","og_type":"article","og_title":"Contacta con nosotros - Chillma Tobacco GmbH","og_description":"\u00bfTiene alguna pregunta? Direcci\u00f3n Chillma Tobacco GmbHCarl-Zeiss-Stra\u00dfe 2763322 R\u00f6dermarkAlemania Contacto +49 (0) 6074 919 98 63 info@chillma-tobacco.com Redes sociales instagram","og_url":"https:\/\/chillma-tobacco.de\/es\/contacta-con-nosotros\/","og_site_name":"Chillma Tobacco GmbH","article_modified_time":"2025-01-27T16:09:17+00:00","twitter_card":"summary_large_image","schema":{"@context":"https:\/\/schema.org","@graph":[{"@type":"WebPage","@id":"https:\/\/chillma-tobacco.de\/es\/contacta-con-nosotros\/","url":"https:\/\/chillma-tobacco.de\/es\/contacta-con-nosotros\/","name":"Contacta con nosotros - Chillma Tobacco GmbH","isPartOf":{"@id":"https:\/\/chillma-tobacco.de\/es\/#website"},"datePublished":"2024-09-11T09:41:38+00:00","dateModified":"2025-01-27T16:09:17+00:00","breadcrumb":{"@id":"https:\/\/chillma-tobacco.de\/es\/contacta-con-nosotros\/#breadcrumb"},"inLanguage":"es","potentialAction":[{"@type":"ReadAction","target":["https:\/\/chillma-tobacco.de\/es\/contacta-con-nosotros\/"]}]},{"@type":"BreadcrumbList","@id":"https:\/\/chillma-tobacco.de\/es\/contacta-con-nosotros\/#breadcrumb","itemListElement":[{"@type":"ListItem","position":1,"name":"Startseite","item":"https:\/\/chillma-tobacco.de\/es\/"},{"@type":"ListItem","position":2,"name":"Contacta con nosotros"}]},{"@type":"WebSite","@id":"https:\/\/chillma-tobacco.de\/es\/#website","url":"https:\/\/chillma-tobacco.de\/es\/","name":"Chillma Tobacco GmbH","description":"","potentialAction":[{"@type":"SearchAction","target":{"@type":"EntryPoint","urlTemplate":"https:\/\/chillma-tobacco.de\/es\/?s={search_term_string}"},"query-input":{"@type":"PropertyValueSpecification","valueRequired":true,"valueName":"search_term_string"}}],"inLanguage":"es"}]}},"_links":{"self":[{"href":"https:\/\/chillma-tobacco.de\/es\/wp-json\/wp\/v2\/pages\/574","targetHints":{"allow":["GET"]}}],"collection":[{"href":"https:\/\/chillma-tobacco.de\/es\/wp-json\/wp\/v2\/pages"}],"about":[{"href":"https:\/\/chillma-tobacco.de\/es\/wp-json\/wp\/v2\/types\/page"}],"author":[{"embeddable":true,"href":"https:\/\/chillma-tobacco.de\/es\/wp-json\/wp\/v2\/users\/1"}],"replies":[{"embeddable":true,"href":"https:\/\/chillma-tobacco.de\/es\/wp-json\/wp\/v2\/comments?post=574"}],"version-history":[{"count":1,"href":"https:\/\/chillma-tobacco.de\/es\/wp-json\/wp\/v2\/pages\/574\/revisions"}],"predecessor-version":[{"id":606,"href":"https:\/\/chillma-tobacco.de\/es\/wp-json\/wp\/v2\/pages\/574\/revisions\/606"}],"wp:attachment":[{"href":"https:\/\/chillma-tobacco.de\/es\/wp-json\/wp\/v2\/media?parent=574"}],"curies":[{"name":"wp","href":"https:\/\/api.w.org\/{rel}","templated":true}]}}