{"id":572,"date":"2024-09-11T10:00:35","date_gmt":"2024-09-11T09:00:35","guid":{"rendered":"https:\/\/chillma-tobacco.de\/inicio\/"},"modified":"2025-01-27T17:52:18","modified_gmt":"2025-01-27T16:52:18","slug":"inicio","status":"publish","type":"page","link":"https:\/\/chillma-tobacco.de\/es\/","title":{"rendered":"Inicio"},"content":{"rendered":"<div>Chillma Tobacco<\/div>\n<h1>La variedad adecuada para cada gusto.<\/h1>\n<p>\n    <a href=\"#produkte\">Ver los productos<\/a>\n<\/p>\n<h2><a href=\"#\">Nuestros bestsellers<\/a><\/h2>\n<p>\n    <a href=\"\/tabak\/\">Ver todos<\/a>\n<\/p>\n<ul>\n<li>\n<p>        <img decoding=\"async\" src=\"\/wp-content\/uploads\/2024\/11\/chillma_left_view_persian_apple-scaled.jpg\" alt=\"\"><\/p>\n<h3>chillma_left_view_persian_apple<\/h3>\n<\/li>\n<li>\n<p>        <img decoding=\"async\" src=\"\/wp-content\/uploads\/2024\/11\/chillma_left_view_dark_zero.png\" alt=\"\"><\/p>\n<h3>chillma_left_view_dark_zero<\/h3>\n<\/li>\n<li>\n<p>        <img decoding=\"async\" src=\"\/wp-content\/uploads\/2024\/11\/chillma_left_view_baaaam-scaled.jpg\" alt=\"\"><\/p>\n<h3>chillma_left_view_baaaam<\/h3>\n<\/li>\n<li>\n<p>        <img decoding=\"async\" src=\"\/wp-content\/uploads\/2024\/11\/chillma_left_view_nashpati-scaled.jpg\" alt=\"\"><\/p>\n<h3>chillma_left_view_nashpati<\/h3>\n<\/li>\n<li>\n<p>        <img decoding=\"async\" src=\"\/wp-content\/uploads\/2024\/11\/chillma_left_view_watermelon-scaled.jpg\" alt=\"\"><\/p>\n<h3>chillma_left_view_watermelon<\/h3>\n<\/li>\n<li>\n<p>        <img decoding=\"async\" src=\"\/wp-content\/uploads\/2024\/11\/chillma_left_view_pistazie-scaled.jpg\" alt=\"\"><\/p>\n<h3>chillma_left_view_pistazie<\/h3>\n<\/li>\n<li>\n<p>        <img decoding=\"async\" src=\"\/wp-content\/uploads\/2024\/11\/chillma_left_view_pinky_minky-scaled.jpg\" alt=\"\"><\/p>\n<h3>chillma_left_view_pinky_minky<\/h3>\n<\/li>\n<li>\n<p>        <img decoding=\"async\" src=\"\/wp-content\/uploads\/2024\/11\/chillma_left_view_orange_chill-scaled.jpg\" alt=\"\"><\/p>\n<h3>chillma_left_view_orange_chill<\/h3>\n<\/li>\n<li>\n<p>        <img decoding=\"async\" src=\"\/wp-content\/uploads\/2024\/11\/chillma_left_view_ice_matata-scaled.jpg\" alt=\"\"><\/p>\n<h3>chillma_left_view_ice_matata<\/h3>\n<\/li>\n<li>\n<p>        <img decoding=\"async\" src=\"\/wp-content\/uploads\/2024\/11\/chillma_left_view_ice_cactus-scaled.jpg\" alt=\"\"><\/p>\n<h3>chillma_left_view_ice_cactus<\/h3>\n<\/li>\n<li>\n<p>        <img decoding=\"async\" src=\"\/wp-content\/uploads\/2024\/11\/chillma_left_view_grape_chill-scaled.jpg\" alt=\"\"><\/p>\n<h3>chillma_left_view_grape_chill<\/h3>\n<\/li>\n<li>\n<p>        <img decoding=\"async\" src=\"\/wp-content\/uploads\/2024\/11\/chillma_left_view_cherry_berry-scaled.jpg\" alt=\"\"><\/p>\n<h3>chillma_left_view_cherry_berry<\/h3>\n<\/li>\n<li>\n<p>        <img decoding=\"async\" src=\"\/wp-content\/uploads\/2024\/11\/chillma_left_view_blueberry-scaled.jpg\" alt=\"\"><\/p>\n<h3>chillma_left_view_blueberry<\/h3>\n<\/li>\n<\/ul>\n<ul>\n<li>\n<p>        <img decoding=\"async\" src=\"\/wp-content\/uploads\/2024\/12\/45512.jpg\" alt=\"\"><\/p>\n<div>Tobaco<\/div>\n<p><a href=\"\/tabak\/\">Desc\u00fabrelo ahora<\/a><\/p>\n<\/li>\n<li>\n<p>        <img decoding=\"async\" src=\"\/wp-content\/uploads\/2024\/12\/498182.jpg\" alt=\"\"><\/p>\n<div>L\u00edquido<\/div>\n<p><a href=\"\/liquid\/\">Desc\u00fabrelo ahora<\/a><\/p>\n<\/li>\n<\/ul>\n<div>Indulgencia en la perfecci\u00f3n<\/div>\n<div>\n<p>Nuestra pasi\u00f3n por el tabaco de alta calidad y por una experiencia de fumado inigualable es la base de todo lo que hacemos. Confiamos en la artesan\u00eda tradicional combinada con las tecnolog\u00edas m\u00e1s avanzadas para ofrecer a nuestros clientes una gama de productos que impresiona por su sabor, calidad y autenticidad.<\/p>\n<\/div>\n<p><!--more--><br \/>\n<!-- {\"type\":\"layout\",\"children\":[{\"name\":\"Hero\",\"type\":\"section\",\"props\":{\"animation\":\"slide-bottom-small\",\"header_overlay\":\"light\",\"header_transparent\":true,\"header_transparent_noplaceholder\":true,\"height\":\"viewport\",\"height_offset_top\":true,\"height_viewport\":true,\"image_loading\":true,\"image_position\":\"center-center\",\"image_size\":\"cover\",\"image_width\":\"1920\",\"media\":\"images\\\/home-header.jpg\",\"media_advanced\":true,\"media_background\":\"#fff\",\"media_overlay\":\"rgba(0, 0, 0, 0.67)\",\"style\":\"default\",\"text_color\":\"light\",\"title_breakpoint\":\"xl\",\"title_position\":\"top-left\",\"title_rotation\":\"left\",\"vertical_align\":\"middle\",\"video\":\"wp-content\\\/uploads\\\/2025\\\/01\\\/5328579_White_Liquid_Water_1280x720.mp4\",\"width\":\"default\"},\"children\":[{\"type\":\"row\",\"props\":{\"margin\":\"default\"},\"children\":[{\"type\":\"column\",\"props\":{\"image_position\":\"center-center\",\"position_sticky_breakpoint\":\"m\",\"width_medium\":\"1-1\"},\"children\":[{\"type\":\"headline\",\"props\":{\"animation\":\"slide-top-small\",\"content\":\"Chillma Tobacco\",\"margin\":\"default\",\"margin_remove_bottom\":true,\"margin_remove_top\":true,\"text_align\":\"center\",\"title_element\":\"div\",\"title_style\":\"h5\"}},{\"type\":\"headline\",\"props\":{\"content\":\"La variedad adecuada para cada gusto.\",\"margin\":\"medium\",\"margin_remove_bottom\":true,\"margin_remove_top\":true,\"text_align\":\"center\",\"title_element\":\"h1\",\"title_style\":\"heading-small\"}},{\"type\":\"button\",\"props\":{\"grid_column_gap\":\"small\",\"grid_row_gap\":\"small\",\"margin\":\"default\",\"text_align\":\"center\"},\"children\":[{\"type\":\"button_item\",\"props\":{\"button_style\":\"default\",\"content\":\"Ver los productos\",\"icon\":\"arrow-down\",\"icon_align\":\"left\",\"link\":\"#produkte\"}}]}]}]}]},{\"type\":\"section\",\"props\":{\"animation\":\"slide-left-small\",\"animation_delay\":false,\"image_position\":\"center-center\",\"padding\":\"large\",\"padding_remove_bottom\":true,\"padding_remove_top\":false,\"style\":\"default\",\"title_breakpoint\":\"xl\",\"title_position\":\"top-left\",\"title_rotation\":\"left\",\"vertical_align\":\"\",\"width\":\"default\"},\"children\":[{\"type\":\"row\",\"children\":[{\"type\":\"column\",\"props\":{\"image_position\":\"center-center\",\"position_sticky_breakpoint\":\"m\"},\"children\":[{\"type\":\"fragment\",\"props\":{\"margin\":\"large\"},\"children\":[{\"type\":\"row\",\"props\":{\"column_gap\":\"small\",\"layout\":\"large,expand\"},\"children\":[{\"type\":\"column\",\"props\":{\"image_position\":\"center-center\",\"position_sticky_breakpoint\":\"m\",\"vertical_align\":\"middle\",\"width_default\":\"auto\"},\"children\":[{\"type\":\"headline\",\"props\":{\"animation\":\"none\",\"content\":\"Nuestros bestsellers\",\"link\":\"#\",\"title_decoration\":\"bullet\",\"title_element\":\"h2\"}}]},{\"type\":\"column\",\"props\":{\"image_position\":\"center-center\",\"position_sticky_breakpoint\":\"m\",\"vertical_align\":\"middle\",\"width_default\":\"expand\"},\"children\":[{\"type\":\"button\",\"props\":{\"animation\":\"none\",\"grid_column_gap\":\"small\",\"grid_row_gap\":\"small\",\"margin\":\"default\",\"text_align\":\"right\"},\"children\":[{\"type\":\"button_item\",\"props\":{\"button_style\":\"text\",\"content\":\"Ver todos\",\"icon_align\":\"left\",\"link\":\"tabak\\\/\"}}]}]}]},{\"type\":\"row\",\"props\":{\"margin\":\"default\"},\"children\":[{\"type\":\"column\",\"props\":{\"image_position\":\"center-center\",\"position_sticky_breakpoint\":\"m\",\"width_medium\":\"1-1\"},\"children\":[{\"type\":\"overlay-slider\",\"props\":{\"image_width\":\"300\",\"link_style\":\"default\",\"link_text\":\"\",\"margin\":\"default\",\"meta_align\":\"below-title\",\"meta_element\":\"div\",\"meta_style\":\"text-meta\",\"nav\":\"\",\"nav_align\":\"center\",\"nav_breakpoint\":\"s\",\"overlay_link\":true,\"overlay_mode\":\"cover\",\"overlay_position\":\"center\",\"overlay_transition\":\"fade\",\"show_content\":true,\"show_hover_image\":true,\"show_hover_video\":true,\"show_link\":true,\"show_meta\":true,\"show_title\":false,\"slidenav\":\"default\",\"slidenav_breakpoint\":\"s\",\"slidenav_color\":\"light\",\"slidenav_large\":true,\"slidenav_margin\":\"\",\"slidenav_outside_breakpoint\":\"xl\",\"slider_autoplay\":true,\"slider_autoplay_interval\":\"3\",\"slider_autoplay_pause\":true,\"slider_gap\":\"small\",\"slider_width\":\"\",\"slider_width_default\":\"1-1\",\"slider_width_medium\":\"1-3\",\"text_align\":\"center\",\"title_element\":\"h3\",\"title_hover_style\":\"reset\"},\"children\":[{\"type\":\"overlay-slider_item\",\"props\":{\"image\":\"wp-content\\\/uploads\\\/2024\\\/11\\\/chillma_left_view_persian_apple-scaled.jpg\",\"title\":\"chillma_left_view_persian_apple\"}},{\"type\":\"overlay-slider_item\",\"props\":{\"image\":\"wp-content\\\/uploads\\\/2024\\\/11\\\/chillma_left_view_dark_zero.png\",\"title\":\"chillma_left_view_dark_zero\"}},{\"type\":\"overlay-slider_item\",\"props\":{\"image\":\"wp-content\\\/uploads\\\/2024\\\/11\\\/chillma_left_view_baaaam-scaled.jpg\",\"title\":\"chillma_left_view_baaaam\"}},{\"type\":\"overlay-slider_item\",\"props\":{\"image\":\"wp-content\\\/uploads\\\/2024\\\/11\\\/chillma_left_view_nashpati-scaled.jpg\",\"title\":\"chillma_left_view_nashpati\"}},{\"type\":\"overlay-slider_item\",\"props\":{\"image\":\"wp-content\\\/uploads\\\/2024\\\/11\\\/chillma_left_view_watermelon-scaled.jpg\",\"title\":\"chillma_left_view_watermelon\"}},{\"type\":\"overlay-slider_item\",\"props\":{\"image\":\"wp-content\\\/uploads\\\/2024\\\/11\\\/chillma_left_view_pistazie-scaled.jpg\",\"title\":\"chillma_left_view_pistazie\"}},{\"type\":\"overlay-slider_item\",\"props\":{\"image\":\"wp-content\\\/uploads\\\/2024\\\/11\\\/chillma_left_view_pinky_minky-scaled.jpg\",\"title\":\"chillma_left_view_pinky_minky\"}},{\"type\":\"overlay-slider_item\",\"props\":{\"image\":\"wp-content\\\/uploads\\\/2024\\\/11\\\/chillma_left_view_orange_chill-scaled.jpg\",\"title\":\"chillma_left_view_orange_chill\"}},{\"type\":\"overlay-slider_item\",\"props\":{\"image\":\"wp-content\\\/uploads\\\/2024\\\/11\\\/chillma_left_view_ice_matata-scaled.jpg\",\"title\":\"chillma_left_view_ice_matata\"}},{\"type\":\"overlay-slider_item\",\"props\":{\"image\":\"wp-content\\\/uploads\\\/2024\\\/11\\\/chillma_left_view_ice_cactus-scaled.jpg\",\"title\":\"chillma_left_view_ice_cactus\"}},{\"type\":\"overlay-slider_item\",\"props\":{\"image\":\"wp-content\\\/uploads\\\/2024\\\/11\\\/chillma_left_view_grape_chill-scaled.jpg\",\"title\":\"chillma_left_view_grape_chill\"}},{\"type\":\"overlay-slider_item\",\"props\":{\"image\":\"wp-content\\\/uploads\\\/2024\\\/11\\\/chillma_left_view_cherry_berry-scaled.jpg\",\"title\":\"chillma_left_view_cherry_berry\"}},{\"type\":\"overlay-slider_item\",\"props\":{\"image\":\"wp-content\\\/uploads\\\/2024\\\/11\\\/chillma_left_view_blueberry-scaled.jpg\",\"title\":\"chillma_left_view_blueberry\"}}]}]}]}]}]}]}],\"name\":\"Movies\"},{\"name\":\"Offices\",\"type\":\"section\",\"props\":{\"animation\":\"slide-right-medium\",\"id\":\"produkte\",\"image\":\"wp-content\\\/uploads\\\/home-residences-bg.svg\",\"image_effect\":\"parallax\",\"image_height\":\"680\",\"image_parallax_bgy\":\"100,100\",\"image_parallax_easing\":\"1\",\"image_position\":\"top-left\",\"image_size\":\"contain\",\"image_width\":\"2000\",\"media_visibility\":\"m\",\"padding\":\"xlarge\",\"style\":\"default\",\"title_breakpoint\":\"xl\",\"title_position\":\"top-left\",\"title_rotation\":\"left\",\"vertical_align\":\"\",\"width\":\"default\"},\"children\":[{\"type\":\"row\",\"props\":{\"column_gap\":\"large\",\"layout\":\"2-3,1-3\",\"margin\":\"xlarge\",\"row_gap\":\"large\"},\"children\":[{\"type\":\"column\",\"props\":{\"image_position\":\"top-left\",\"media_visibility\":\"s\",\"padding\":\"none\",\"position_sticky_breakpoint\":\"m\",\"width_large\":\"2-3\"},\"children\":[{\"type\":\"overlay-slider\",\"props\":{\"image_width\":\"640\",\"link_style\":\"default\",\"link_text\":\"\",\"margin\":\"default\",\"meta_align\":\"below-title\",\"meta_element\":\"div\",\"meta_style\":\"text-meta\",\"nav\":\"\",\"nav_align\":\"center\",\"nav_breakpoint\":\"s\",\"overlay_hover\":false,\"overlay_link\":true,\"overlay_mode\":\"cover\",\"overlay_padding\":\"small\",\"overlay_position\":\"bottom-left\",\"overlay_transition\":\"slide-bottom-small\",\"show_content\":true,\"show_hover_image\":true,\"show_hover_video\":true,\"show_link\":true,\"show_meta\":true,\"show_title\":true,\"slidenav\":\"top-right\",\"slidenav_breakpoint\":\"\",\"slidenav_hover\":false,\"slidenav_large\":false,\"slidenav_margin\":\"medium\",\"slidenav_outside_breakpoint\":\"xl\",\"slider_autoplay\":true,\"slider_autoplay_pause\":true,\"slider_gap\":\"default\",\"slider_width\":\"fixed\",\"slider_width_default\":\"1-1\",\"slider_width_medium\":\"\",\"slider_width_small\":\"1-2\",\"text_align\":\"\",\"text_color\":\"light\",\"title_element\":\"div\",\"title_hover_style\":\"reset\",\"title_style\":\"h3\"},\"children\":[{\"type\":\"overlay-slider_item\",\"props\":{\"image\":\"wp-content\\\/uploads\\\/2024\\\/12\\\/45512.jpg\",\"link\":\"tabak\\\/\",\"link_text\":\"Desc\\u00fabrelo ahora\",\"title\":\"Tobaco\"}},{\"type\":\"overlay-slider_item\",\"props\":{\"image\":\"wp-content\\\/uploads\\\/2024\\\/12\\\/498182.jpg\",\"link\":\"liquid\\\/\",\"link_text\":\"Desc\\u00fabrelo ahora\",\"title\":\"L\\u00edquido\"}}]}]},{\"type\":\"column\",\"props\":{\"image_position\":\"center-center\",\"position_sticky_breakpoint\":\"m\",\"width_large\":\"1-3\"},\"children\":[{\"type\":\"headline\",\"props\":{\"content\":\"Indulgencia en la perfecci\\u00f3n\",\"margin\":\"remove-vertical\",\"title_element\":\"div\",\"title_style\":\"h1\"}},{\"type\":\"text\",\"props\":{\"column_breakpoint\":\"m\",\"content\":\"\n\n<p>Nuestra pasi\\u00f3n por el tabaco de alta calidad y por una experiencia de fumado inigualable es la base de todo lo que hacemos. Confiamos en la artesan\\u00eda tradicional combinada con las tecnolog\\u00edas m\\u00e1s avanzadas para ofrecer a nuestros clientes una gama de productos que impresiona por su sabor, calidad y autenticidad.<\\\/p>\",\"margin\":\"large\"}}]}]}]}],\"version\":\"4.4.18\"} --><\/p>\n","protected":false},"excerpt":{"rendered":"<p>Chillma Tobacco La variedad adecuada para cada gusto. Ver los productos Nuestros bestsellers Ver todos chillma_left_view_persian_apple chillma_left_view_dark_zero chillma_left_view_baaaam chillma_left_view_nashpati chillma_left_view_watermelon chillma_left_view_pistazie chillma_left_view_pinky_minky chillma_left_view_orange_chill chillma_left_view_ice_matata chillma_left_view_ice_cactus chillma_left_view_grape_chill chillma_left_view_cherry_berry chillma_left_view_blueberry Tobaco Desc\u00fabrelo ahora L\u00edquido Desc\u00fabrelo ahora Indulgencia en la perfecci\u00f3n Nuestra pasi\u00f3n por el tabaco de alta calidad y por una experiencia de fumado inigualable es la [&hellip;]<\/p>\n","protected":false},"author":1,"featured_media":0,"parent":0,"menu_order":0,"comment_status":"closed","ping_status":"closed","template":"","meta":{"inline_featured_image":false,"footnotes":""},"class_list":["post-572","page","type-page","status-publish","hentry"],"yoast_head":"<!-- This site is optimized with the Yoast SEO plugin v24.3 - https:\/\/yoast.com\/wordpress\/plugins\/seo\/ -->\n<title>Inicio - Chillma Tobacco GmbH<\/title>\n<meta name=\"robots\" content=\"index, follow, max-snippet:-1, max-image-preview:large, max-video-preview:-1\" \/>\n<link rel=\"canonical\" href=\"https:\/\/chillma-tobacco.de\/es\/\" \/>\n<meta property=\"og:locale\" content=\"es_ES\" \/>\n<meta property=\"og:type\" content=\"article\" \/>\n<meta property=\"og:title\" content=\"Inicio - Chillma Tobacco GmbH\" \/>\n<meta property=\"og:description\" content=\"Chillma Tobacco La variedad adecuada para cada gusto. Ver los productos Nuestros bestsellers Ver todos chillma_left_view_persian_apple chillma_left_view_dark_zero chillma_left_view_baaaam chillma_left_view_nashpati chillma_left_view_watermelon chillma_left_view_pistazie chillma_left_view_pinky_minky chillma_left_view_orange_chill chillma_left_view_ice_matata chillma_left_view_ice_cactus chillma_left_view_grape_chill chillma_left_view_cherry_berry chillma_left_view_blueberry Tobaco Desc\u00fabrelo ahora L\u00edquido Desc\u00fabrelo ahora Indulgencia en la perfecci\u00f3n Nuestra pasi\u00f3n por el tabaco de alta calidad y por una experiencia de fumado inigualable es la [&hellip;]\" \/>\n<meta property=\"og:url\" content=\"https:\/\/chillma-tobacco.de\/es\/\" \/>\n<meta property=\"og:site_name\" content=\"Chillma Tobacco GmbH\" \/>\n<meta property=\"article:modified_time\" content=\"2025-01-27T16:52:18+00:00\" \/>\n<meta name=\"twitter:card\" content=\"summary_large_image\" \/>\n<meta name=\"twitter:label1\" content=\"Tiempo de lectura\" \/>\n\t<meta name=\"twitter:data1\" content=\"1 minuto\" \/>\n<script type=\"application\/ld+json\" class=\"yoast-schema-graph\">{\"@context\":\"https:\/\/schema.org\",\"@graph\":[{\"@type\":\"WebPage\",\"@id\":\"https:\/\/chillma-tobacco.de\/es\/\",\"url\":\"https:\/\/chillma-tobacco.de\/es\/\",\"name\":\"Inicio - Chillma Tobacco GmbH\",\"isPartOf\":{\"@id\":\"https:\/\/chillma-tobacco.de\/es\/#website\"},\"datePublished\":\"2024-09-11T09:00:35+00:00\",\"dateModified\":\"2025-01-27T16:52:18+00:00\",\"breadcrumb\":{\"@id\":\"https:\/\/chillma-tobacco.de\/es\/#breadcrumb\"},\"inLanguage\":\"es\",\"potentialAction\":[{\"@type\":\"ReadAction\",\"target\":[\"https:\/\/chillma-tobacco.de\/es\/\"]}]},{\"@type\":\"BreadcrumbList\",\"@id\":\"https:\/\/chillma-tobacco.de\/es\/#breadcrumb\",\"itemListElement\":[{\"@type\":\"ListItem\",\"position\":1,\"name\":\"Startseite\",\"item\":\"https:\/\/chillma-tobacco.de\/es\/\"},{\"@type\":\"ListItem\",\"position\":2,\"name\":\"Inicio\"}]},{\"@type\":\"WebSite\",\"@id\":\"https:\/\/chillma-tobacco.de\/es\/#website\",\"url\":\"https:\/\/chillma-tobacco.de\/es\/\",\"name\":\"Chillma Tobacco GmbH\",\"description\":\"\",\"potentialAction\":[{\"@type\":\"SearchAction\",\"target\":{\"@type\":\"EntryPoint\",\"urlTemplate\":\"https:\/\/chillma-tobacco.de\/es\/?s={search_term_string}\"},\"query-input\":{\"@type\":\"PropertyValueSpecification\",\"valueRequired\":true,\"valueName\":\"search_term_string\"}}],\"inLanguage\":\"es\"}]}<\/script>\n<!-- \/ Yoast SEO plugin. -->","yoast_head_json":{"title":"Inicio - Chillma Tobacco GmbH","robots":{"index":"index","follow":"follow","max-snippet":"max-snippet:-1","max-image-preview":"max-image-preview:large","max-video-preview":"max-video-preview:-1"},"canonical":"https:\/\/chillma-tobacco.de\/es\/","og_locale":"es_ES","og_type":"article","og_title":"Inicio - Chillma Tobacco GmbH","og_description":"Chillma Tobacco La variedad adecuada para cada gusto. Ver los productos Nuestros bestsellers Ver todos chillma_left_view_persian_apple chillma_left_view_dark_zero chillma_left_view_baaaam chillma_left_view_nashpati chillma_left_view_watermelon chillma_left_view_pistazie chillma_left_view_pinky_minky chillma_left_view_orange_chill chillma_left_view_ice_matata chillma_left_view_ice_cactus chillma_left_view_grape_chill chillma_left_view_cherry_berry chillma_left_view_blueberry Tobaco Desc\u00fabrelo ahora L\u00edquido Desc\u00fabrelo ahora Indulgencia en la perfecci\u00f3n Nuestra pasi\u00f3n por el tabaco de alta calidad y por una experiencia de fumado inigualable es la [&hellip;]","og_url":"https:\/\/chillma-tobacco.de\/es\/","og_site_name":"Chillma Tobacco GmbH","article_modified_time":"2025-01-27T16:52:18+00:00","twitter_card":"summary_large_image","twitter_misc":{"Tiempo de lectura":"1 minuto"},"schema":{"@context":"https:\/\/schema.org","@graph":[{"@type":"WebPage","@id":"https:\/\/chillma-tobacco.de\/es\/","url":"https:\/\/chillma-tobacco.de\/es\/","name":"Inicio - Chillma Tobacco GmbH","isPartOf":{"@id":"https:\/\/chillma-tobacco.de\/es\/#website"},"datePublished":"2024-09-11T09:00:35+00:00","dateModified":"2025-01-27T16:52:18+00:00","breadcrumb":{"@id":"https:\/\/chillma-tobacco.de\/es\/#breadcrumb"},"inLanguage":"es","potentialAction":[{"@type":"ReadAction","target":["https:\/\/chillma-tobacco.de\/es\/"]}]},{"@type":"BreadcrumbList","@id":"https:\/\/chillma-tobacco.de\/es\/#breadcrumb","itemListElement":[{"@type":"ListItem","position":1,"name":"Startseite","item":"https:\/\/chillma-tobacco.de\/es\/"},{"@type":"ListItem","position":2,"name":"Inicio"}]},{"@type":"WebSite","@id":"https:\/\/chillma-tobacco.de\/es\/#website","url":"https:\/\/chillma-tobacco.de\/es\/","name":"Chillma Tobacco GmbH","description":"","potentialAction":[{"@type":"SearchAction","target":{"@type":"EntryPoint","urlTemplate":"https:\/\/chillma-tobacco.de\/es\/?s={search_term_string}"},"query-input":{"@type":"PropertyValueSpecification","valueRequired":true,"valueName":"search_term_string"}}],"inLanguage":"es"}]}},"_links":{"self":[{"href":"https:\/\/chillma-tobacco.de\/es\/wp-json\/wp\/v2\/pages\/572","targetHints":{"allow":["GET"]}}],"collection":[{"href":"https:\/\/chillma-tobacco.de\/es\/wp-json\/wp\/v2\/pages"}],"about":[{"href":"https:\/\/chillma-tobacco.de\/es\/wp-json\/wp\/v2\/types\/page"}],"author":[{"embeddable":true,"href":"https:\/\/chillma-tobacco.de\/es\/wp-json\/wp\/v2\/users\/1"}],"replies":[{"embeddable":true,"href":"https:\/\/chillma-tobacco.de\/es\/wp-json\/wp\/v2\/comments?post=572"}],"version-history":[{"count":3,"href":"https:\/\/chillma-tobacco.de\/es\/wp-json\/wp\/v2\/pages\/572\/revisions"}],"predecessor-version":[{"id":626,"href":"https:\/\/chillma-tobacco.de\/es\/wp-json\/wp\/v2\/pages\/572\/revisions\/626"}],"wp:attachment":[{"href":"https:\/\/chillma-tobacco.de\/es\/wp-json\/wp\/v2\/media?parent=572"}],"curies":[{"name":"wp","href":"https:\/\/api.w.org\/{rel}","templated":true}]}}